{"id":163,"date":"2025-01-26T19:51:25","date_gmt":"2025-01-26T19:51:25","guid":{"rendered":"https:\/\/ogwamusic.com\/shop\/?post_type=product&#038;p=163"},"modified":"2025-02-03T16:51:27","modified_gmt":"2025-02-03T16:51:27","slug":"rick-horvath-week","status":"publish","type":"product","link":"https:\/\/ogwamusic.com\/shop\/index.php\/product\/rick-horvath-week\/","title":{"rendered":"Rick Horvath &#8211; Week"},"content":{"rendered":"<div class=\"wrapper\">\n<p><b>Week &#8211; Produced &amp; Arranged by Rick Horvath<br \/>\nOGWA-20131<br \/>\nReleased 2013<\/b><\/p>\n<p>1. MOND\u00c1Y 4:00<br \/>\n2. TUESD\u00c1Y 4:16<br \/>\n3. WEDNESD\u00c1Y 9:00<br \/>\n4. THURSD\u00c1Y 2:44<br \/>\n5. FRID\u00c1Y 2:52<br \/>\n6. SATURD\u00c1Y 5:06<br \/>\n7. SUND\u00c1Y 3:46<\/p>\n<p><span class=\"details \">All songs written by Rick Horvath \u00a92013 OGWA Music <\/span><\/p>\n<p>Euro Dance Electronica Music from the mind of Rick Horv\u00e1th<\/p>\n<p>&#8220;lose the care<br \/>\nweekend is near<br \/>\nhit the track<br \/>\nmake a mark&#8221;<\/p>\n<\/div>\n<div class=\"pad\">\n<p>This album is dedicated to my furry little buddy Panda who left me 1 year ago today. Be thankful for what you have,<br \/>\nnever forget what you&#8217;ve lost.<\/p>\n<p>The idea for Week began in the lobby of an Italian restaurant Easter 2013. As we waited to be seated some electronic music was playing. I had never written anything in this genre so it was time to give it a shot.<\/p>\n<p>Once I returned to Noodle Studios in the Poconos I started laying the groundwork for the album. Each song would be at the same tempo. Each song would become a template used to create the following song, carrying over MIDI and audio information. The album describes the work week in a musical sense, capturing the feeling one may have during their daily routine at the job (I can somewhat recall that feeling).<\/p>\n<p>I performed all the instruments. With the help of Jeremy P. who came up with the initial idea for Friday, he contributes guitar, vocal and keyboards to that track. Saturday features a great vocal performance by Patty C. in true Euro Dance Club style. Thank you again, Patty!<\/p>\n<h6>Download This Album From These Online Locations:<\/h6>\n<p><a href=\"https:\/\/itunes.apple.com\/us\/album\/week\/id781647966?uo=4&amp;at=11lpfy\" target=\"_blank\" rel=\"noopener\"><img loading=\"lazy\" decoding=\"async\" class=\"alignnone wp-image-147 size-thumbnail\" src=\"https:\/\/ogwamusic.com\/shop\/wp-content\/uploads\/2025\/01\/Apple-Digital-Download-Logos-150x150.png\" alt=\"\" width=\"150\" height=\"150\" srcset=\"https:\/\/ogwamusic.com\/shop\/wp-content\/uploads\/2025\/01\/Apple-Digital-Download-Logos-150x150.png 150w, https:\/\/ogwamusic.com\/shop\/wp-content\/uploads\/2025\/01\/Apple-Digital-Download-Logos-480x480.png 480w, https:\/\/ogwamusic.com\/shop\/wp-content\/uploads\/2025\/01\/Apple-Digital-Download-Logos-120x120.png 120w\" sizes=\"auto, (max-width: 150px) 100vw, 150px\" \/><\/a><a href=\"https:\/\/amazon.com\/music\/player\/albums\/B00HASGL4Y?marketplaceId=ATVPDKIKX0DER&amp;musicTerritory=US&amp;ref=dm_sh_mwKKtDoOMb6xoqrM06w714ND6\" target=\"_blank\" rel=\"noopener\"><img loading=\"lazy\" decoding=\"async\" class=\"alignnone wp-image-146 size-thumbnail\" src=\"https:\/\/ogwamusic.com\/shop\/wp-content\/uploads\/2025\/01\/Amazon-Digital-Download-Logos-150x150.png\" alt=\"\" width=\"150\" height=\"150\" srcset=\"https:\/\/ogwamusic.com\/shop\/wp-content\/uploads\/2025\/01\/Amazon-Digital-Download-Logos-150x150.png 150w, https:\/\/ogwamusic.com\/shop\/wp-content\/uploads\/2025\/01\/Amazon-Digital-Download-Logos-480x480.png 480w, https:\/\/ogwamusic.com\/shop\/wp-content\/uploads\/2025\/01\/Amazon-Digital-Download-Logos-120x120.png 120w\" sizes=\"auto, (max-width: 150px) 100vw, 150px\" \/><\/a><\/p>\n<\/div>\n","protected":false},"excerpt":{"rendered":"<p>Week &#8211; Produced &amp; Arranged by Rick Horvath OGWA-20131 Released 2013 1. MOND\u00c1Y 4:00 2. TUESD\u00c1Y 4:16 3. WEDNESD\u00c1Y 9:00 4. THURSD\u00c1Y<span class=\"more-button\"><a href=\"https:\/\/ogwamusic.com\/shop\/index.php\/product\/rick-horvath-week\/\" class=\"more-link more-icon\">Continue reading<span class=\"screen-reader-text\">Rick Horvath &#8211; Week<\/span><\/a><\/span><\/p>\n","protected":false},"featured_media":157,"comment_status":"open","ping_status":"closed","template":"","meta":[],"product_brand":[],"product_cat":[18],"product_tag":[],"class_list":{"0":"post-163","1":"product","2":"type-product","3":"status-publish","4":"has-post-thumbnail","6":"product_cat-cds","8":"first","9":"instock","10":"shipping-taxable","11":"purchasable","12":"product-type-simple"},"_links":{"self":[{"href":"https:\/\/ogwamusic.com\/shop\/index.php\/wp-json\/wp\/v2\/product\/163","targetHints":{"allow":["GET"]}}],"collection":[{"href":"https:\/\/ogwamusic.com\/shop\/index.php\/wp-json\/wp\/v2\/product"}],"about":[{"href":"https:\/\/ogwamusic.com\/shop\/index.php\/wp-json\/wp\/v2\/types\/product"}],"replies":[{"embeddable":true,"href":"https:\/\/ogwamusic.com\/shop\/index.php\/wp-json\/wp\/v2\/comments?post=163"}],"wp:featuredmedia":[{"embeddable":true,"href":"https:\/\/ogwamusic.com\/shop\/index.php\/wp-json\/wp\/v2\/media\/157"}],"wp:attachment":[{"href":"https:\/\/ogwamusic.com\/shop\/index.php\/wp-json\/wp\/v2\/media?parent=163"}],"wp:term":[{"taxonomy":"product_brand","embeddable":true,"href":"https:\/\/ogwamusic.com\/shop\/index.php\/wp-json\/wp\/v2\/product_brand?post=163"},{"taxonomy":"product_cat","embeddable":true,"href":"https:\/\/ogwamusic.com\/shop\/index.php\/wp-json\/wp\/v2\/product_cat?post=163"},{"taxonomy":"product_tag","embeddable":true,"href":"https:\/\/ogwamusic.com\/shop\/index.php\/wp-json\/wp\/v2\/product_tag?post=163"}],"curies":[{"name":"wp","href":"https:\/\/api.w.org\/{rel}","templated":true}]}}